{"id":287,"date":"2021-12-05T00:09:06","date_gmt":"2021-12-05T00:09:06","guid":{"rendered":"https:\/\/kinsley-demo.bslthemes.com\/?page_id=287"},"modified":"2024-02-23T17:20:56","modified_gmt":"2024-02-23T17:20:56","slug":"o-nama","status":"publish","type":"page","link":"https:\/\/apartments-simun.com\/en\/o-nama\/","title":{"rendered":"About us"},"content":{"rendered":"<div data-elementor-type=\"wp-page\" data-elementor-id=\"287\" class=\"elementor elementor-287\">\n\t\t\t\t\t\t<section class=\"elementor-section elementor-top-section elementor-element elementor-element-bb5256a elementor-section-full_width elementor-section-height-default elementor-section-height-default\" data-id=\"bb5256a\" data-element_type=\"section\" data-e-type=\"section\">\n\t\t\t\t\t\t<div class=\"elementor-container elementor-column-gap-no\">\n\t\t\t\t\t<div class=\"elementor-column elementor-col-100 elementor-top-column elementor-element elementor-element-dec0541\" data-id=\"dec0541\" data-element_type=\"column\" data-e-type=\"column\">\n\t\t\t<div class=\"elementor-widget-wrap elementor-element-populated\">\n\t\t\t\t\t\t<div class=\"elementor-element elementor-element-80e1cce elementor-widget elementor-widget-kinsley-intro\" data-id=\"80e1cce\" data-element_type=\"widget\" data-e-type=\"widget\" data-widget_type=\"kinsley-intro.default\">\n\t\t\t\t<div class=\"elementor-widget-container\">\n\t\t\t\t\t\n    <!-- banner -->\n    <section class=\"knsl-banner-simple knsl-transition-bottom knsl-banner-white\">\n      \t\t\t\t\n\t\t\t\t\t\t<img decoding=\"async\" src=\"https:\/\/apartments-simun.com\/wp-content\/themes\/kinsley\/assets\/img\/palm.svg\" class=\"knsl-deco-left\" alt=\"palm\" \/>\n\t\t<img decoding=\"async\" src=\"https:\/\/apartments-simun.com\/wp-content\/themes\/kinsley\/assets\/img\/palm.svg\" class=\"knsl-deco-right\" alt=\"palm\" \/>\n\t\t\t\t\n\t  \t  <div class=\"knsl-cover-frame\">\n\t\t\t\t\t\t<div style=\"background-image: url('https:\/\/apartments-simun.com\/wp-content\/uploads\/2024\/02\/Tekst-vaseg-odlomka-5.png');\" class=\"knsl-parallax knsl-banner-slide\"><\/div>\n\t\t\t\t\t\t\t\t\t  <\/div>\n\t  <div class=\"knsl-overlay\" style=\"opacity: 1;\"><\/div>\n\t  \n      <div class=\"container\">\n        <div class=\"row\">\n          <div class=\"col-lg-12\">\n\n            <div class=\"knsl-center knsl-title-frame\">\n                            <h1 class=\"knsl-title--h knsl-mb-20 knsl-h1-inner\">\n                <span >\n                    Apartments \u0160imun-Sumpetar                <\/span>\n              <\/h1>\n                                          <p class=\"knsl-text knsl-mb-30\">\n                <span >\n                    Your perfect vacation awaits you here!\"\n\n\n                <\/span>\n              <\/p>\n              \n              \n            <\/div>\n\n          <\/div>\n        <\/div>\n      <\/div>\n    <\/section>\n    <!-- banner end -->\n\n\t\t\t\t\t\t<\/div>\n\t\t\t\t<\/div>\n\t\t\t\t\t<\/div>\n\t\t<\/div>\n\t\t\t\t\t<\/div>\n\t\t<\/section>\n\t\t\t\t<section class=\"elementor-section elementor-top-section elementor-element elementor-element-1edd412 elementor-section-full_width elementor-section-height-default elementor-section-height-default\" data-id=\"1edd412\" data-element_type=\"section\" data-e-type=\"section\" data-settings=\"{&quot;background_background&quot;:&quot;classic&quot;}\">\n\t\t\t\t\t\t<div class=\"elementor-container elementor-column-gap-no\">\n\t\t\t\t\t<div class=\"elementor-column elementor-col-100 elementor-top-column elementor-element elementor-element-d8a79f3\" data-id=\"d8a79f3\" data-element_type=\"column\" data-e-type=\"column\">\n\t\t\t<div class=\"elementor-widget-wrap elementor-element-populated\">\n\t\t\t\t\t\t<div class=\"elementor-element elementor-element-d69d785 elementor-widget elementor-widget-kinsley-features-inner\" data-id=\"d69d785\" data-element_type=\"widget\" data-e-type=\"widget\" data-widget_type=\"kinsley-features-inner.default\">\n\t\t\t\t<div class=\"elementor-widget-container\">\n\t\t\t\t\t\n\t\t<!-- features -->\n\t\t<section class=\"knsl-p-0-90\">\n\t\t <div class=\"container\">\t\t\t<div class=\"row\">\n\t\t\t\t\t\t\t\t<div class=\"col-lg-12\">\n\n\t\t\t\t\t<div class=\"knsl-center knsl-title-frame knsl-mb-100\">\n\t\t\t\t\t\t\t\t\t\t\t\t<h2 class=\"knsl-title--h knsl-mb-20\">\n\t\t\t\t\t\t\t<span >\n\t\t\t\t\t\t\t\t\tWelcome to Apartments \u0160imun, your oasis of peace and comfort in beautiful Sumpeter. \t\t\t\t\t\t\t<\/span>\n\t\t\t\t\t\t<\/h2>\n\t\t\t\t\t\t\t\t\t\t\t\t\t\t\t\t\t\t<div class=\"knsl-text knsl-mb-30\">\n\t\t\t\t\t\t\t<p>\n\t\t\t\t\t\t\t\t<span >\n\t\t\t\t\t\t\t\t\tWe are located on the coast of the Adriatic Sea, surrounded by untouched nature and rich cultural heritage. Our family has been proudly providing you with a homely atmosphere and excellent service for years. In our modernly decorated apartments, you will find everything you need for a relaxing vacation, with impeccable cleanliness and comfort. Enjoy sunbathing on our private beach, explore the surroundings or simply enjoy the peace with a view of the crystal clear sea. We at Apartments \u0160imun do everything to make your stay unforgettable and unique. Come and indulge in the charms of Dalmatia in our hospitable environment. \t\t\t\t\t\t\t\t<\/span>\n\t\t\t\t\t\t\t<\/p>\n\t\t\t\t\t\t<\/div>\n\t\t\t\t\t\t\t\t\t\t\t\t\t\t\t\t\t\t<a href=\"https:\/\/apartments-simun.com\/en\/apartmani\/\" class=\"knsl-btn knsl-btn-md\">\n\t\t\t\t\t\t\t<span >\n\t\t\t\t\t\t\t\t\tOur apartments\t\t\t\t\t\t\t<\/span>\n\t\t\t\t\t\t<\/a>\n\t\t\t\t\t\t\t\t\t\t\t<\/div>\n\t\t\t\t<\/div>\n\t\t\t\t\t\t\t\t\t\t\t\t\t\t\t\t<div class=\"col-lg-3\">\n\t\t\t\t\t<!-- icon box -->\n\t\t\t\t\t<div class=\"knsl-icon-box knsl-scroll-animation\">\n\t\t\t\t\t\t\t\t\t\t\t\t<img decoding=\"async\" src=\"https:\/\/apartments-simun.com\/wp-content\/uploads\/2021\/12\/f-1.png\" class=\"knsl-mb-10\" alt=\"Prijevoz iz\/do zra\u010dne luke\" \/>\n\t\t\t\t\t\t\t\t\t\t\t\t\t\t\t\t\t\t<h5>\n\t\t\t\t\t\t\t<span >\n\t\t\t\t\t\t\t\tTransportation from\/to the airport\n\t\t\t\t\t\t\t<\/span>\n\t\t\t\t\t\t<\/h5>\n\t\t\t\t\t\t\t\t\t\t\t<\/div>\n\t\t\t\t\t<!-- icon box end -->\n\t\t\t\t<\/div>\n\t\t\t\t\t\t\t\t<div class=\"col-lg-3\">\n\t\t\t\t\t<!-- icon box -->\n\t\t\t\t\t<div class=\"knsl-icon-box knsl-scroll-animation\">\n\t\t\t\t\t\t\t\t\t\t\t\t<img decoding=\"async\" src=\"https:\/\/apartments-simun.com\/wp-content\/uploads\/2024\/02\/2458403001543238954-128.png\" class=\"knsl-mb-10\" alt=\"Besplatan WIFI\" \/>\n\t\t\t\t\t\t\t\t\t\t\t\t\t\t\t\t\t\t<h5>\n\t\t\t\t\t\t\t<span >\n\t\t\t\t\t\t\t\tFree WIFI\t\t\t\t\t\t\t<\/span>\n\t\t\t\t\t\t<\/h5>\n\t\t\t\t\t\t\t\t\t\t\t<\/div>\n\t\t\t\t\t<!-- icon box end -->\n\t\t\t\t<\/div>\n\t\t\t\t\t\t\t\t<div class=\"col-lg-3\">\n\t\t\t\t\t<!-- icon box -->\n\t\t\t\t\t<div class=\"knsl-icon-box knsl-scroll-animation\">\n\t\t\t\t\t\t\t\t\t\t\t\t<img decoding=\"async\" src=\"https:\/\/apartments-simun.com\/wp-content\/uploads\/2021\/12\/f-3.png\" class=\"knsl-mb-10\" alt=\"Klima ure\u0111aj\" \/>\n\t\t\t\t\t\t\t\t\t\t\t\t\t\t\t\t\t\t<h5>\n\t\t\t\t\t\t\t<span >\n\t\t\t\t\t\t\t\tAir conditioning\t\t\t\t\t\t\t<\/span>\n\t\t\t\t\t\t<\/h5>\n\t\t\t\t\t\t\t\t\t\t\t<\/div>\n\t\t\t\t\t<!-- icon box end -->\n\t\t\t\t<\/div>\n\t\t\t\t\t\t\t\t<div class=\"col-lg-3\">\n\t\t\t\t\t<!-- icon box -->\n\t\t\t\t\t<div class=\"knsl-icon-box knsl-scroll-animation\">\n\t\t\t\t\t\t\t\t\t\t\t\t<img decoding=\"async\" src=\"https:\/\/apartments-simun.com\/wp-content\/uploads\/2024\/02\/19751791691579605507-128.png\" class=\"knsl-mb-10\" alt=\"Obiteljske sobe\" \/>\n\t\t\t\t\t\t\t\t\t\t\t\t\t\t\t\t\t\t<h5>\n\t\t\t\t\t\t\t<span >\n\t\t\t\t\t\t\t\tFamily rooms\t\t\t\t\t\t\t<\/span>\n\t\t\t\t\t\t<\/h5>\n\t\t\t\t\t\t\t\t\t\t\t<\/div>\n\t\t\t\t\t<!-- icon box end -->\n\t\t\t\t<\/div>\n\t\t\t\t\t\t\t\t<div class=\"col-lg-3\">\n\t\t\t\t\t<!-- icon box -->\n\t\t\t\t\t<div class=\"knsl-icon-box knsl-scroll-animation\">\n\t\t\t\t\t\t\t\t\t\t\t\t<img decoding=\"async\" src=\"https:\/\/apartments-simun.com\/wp-content\/uploads\/2024\/02\/5205410931579605509-128.png\" class=\"knsl-mb-10\" alt=\"Apartmani\" \/>\n\t\t\t\t\t\t\t\t\t\t\t\t\t\t\t\t\t\t<h5>\n\t\t\t\t\t\t\t<span >\n\t\t\t\t\t\t\t\tApartments\t\t\t\t\t\t\t<\/span>\n\t\t\t\t\t\t<\/h5>\n\t\t\t\t\t\t\t\t\t\t\t<\/div>\n\t\t\t\t\t<!-- icon box end -->\n\t\t\t\t<\/div>\n\t\t\t\t\t\t\t\t<div class=\"col-lg-3\">\n\t\t\t\t\t<!-- icon box -->\n\t\t\t\t\t<div class=\"knsl-icon-box knsl-scroll-animation\">\n\t\t\t\t\t\t\t\t\t\t\t\t<img decoding=\"async\" src=\"https:\/\/apartments-simun.com\/wp-content\/uploads\/2024\/02\/67136241716257460773625-128.png\" class=\"knsl-mb-10\" alt=\"Pogled na more\" \/>\n\t\t\t\t\t\t\t\t\t\t\t\t\t\t\t\t\t\t<h5>\n\t\t\t\t\t\t\t<span >\n\t\t\t\t\t\t\t\tSea View\t\t\t\t\t\t\t<\/span>\n\t\t\t\t\t\t<\/h5>\n\t\t\t\t\t\t\t\t\t\t\t<\/div>\n\t\t\t\t\t<!-- icon box end -->\n\t\t\t\t<\/div>\n\t\t\t\t\t\t\t\t<div class=\"col-lg-3\">\n\t\t\t\t\t<!-- icon box -->\n\t\t\t\t\t<div class=\"knsl-icon-box knsl-scroll-animation\">\n\t\t\t\t\t\t\t\t\t\t\t\t<img decoding=\"async\" src=\"https:\/\/apartments-simun.com\/wp-content\/uploads\/2024\/02\/20019988331530272906-128.png\" class=\"knsl-mb-10\" alt=\"Terasa i balkon\" \/>\n\t\t\t\t\t\t\t\t\t\t\t\t\t\t\t\t\t\t<h5>\n\t\t\t\t\t\t\t<span >\n\t\t\t\t\t\t\t\tTerrace and balcony\t\t\t\t\t\t\t<\/span>\n\t\t\t\t\t\t<\/h5>\n\t\t\t\t\t\t\t\t\t\t\t<\/div>\n\t\t\t\t\t<!-- icon box end -->\n\t\t\t\t<\/div>\n\t\t\t\t\t\t\t\t<div class=\"col-lg-3\">\n\t\t\t\t\t<!-- icon box -->\n\t\t\t\t\t<div class=\"knsl-icon-box knsl-scroll-animation\">\n\t\t\t\t\t\t\t\t\t\t\t\t<img decoding=\"async\" src=\"https:\/\/apartments-simun.com\/wp-content\/uploads\/2024\/02\/3340177441658455729-128.png\" class=\"knsl-mb-10\" alt=\"Vlastita kupaonica\" \/>\n\t\t\t\t\t\t\t\t\t\t\t\t\t\t\t\t\t\t<h5>\n\t\t\t\t\t\t\t<span >\n\t\t\t\t\t\t\t\tOwn bathroom\t\t\t\t\t\t\t<\/span>\n\t\t\t\t\t\t<\/h5>\n\t\t\t\t\t\t\t\t\t\t\t<\/div>\n\t\t\t\t\t<!-- icon box end -->\n\t\t\t\t<\/div>\n\t\t\t\t\t\t\t\t\t\t\t<\/div>\n\t\t <\/div>\t\t<\/section>\n\t\t<!-- features end -->\n\n\t\t\t\t\t\t<\/div>\n\t\t\t\t<\/div>\n\t\t\t\t\t<\/div>\n\t\t<\/div>\n\t\t\t\t\t<\/div>\n\t\t<\/section>\n\t\t<div class=\"elementor-element elementor-element-ba670eb e-flex e-con-boxed e-con e-parent\" data-id=\"ba670eb\" data-element_type=\"container\" data-e-type=\"container\">\n\t\t\t\t\t<div class=\"e-con-inner\">\n\t\t\t\t<div class=\"elementor-element elementor-element-cfe9fe0 elementor-widget__width-initial elementor-widget elementor-widget-video\" data-id=\"cfe9fe0\" data-element_type=\"widget\" data-e-type=\"widget\" data-settings=\"{&quot;video_type&quot;:&quot;hosted&quot;,&quot;controls&quot;:&quot;yes&quot;}\" data-widget_type=\"video.default\">\n\t\t\t\t<div class=\"elementor-widget-container\">\n\t\t\t\t\t\t\t<div class=\"e-hosted-video elementor-wrapper elementor-open-inline\">\n\t\t\t\t\t<video class=\"elementor-video\" src=\"https:\/\/apartments-simun.com\/wp-content\/uploads\/2024\/02\/Dizajn-bez-naslova.mp4\" controls=\"\" preload=\"metadata\" controlslist=\"nodownload\"><\/video>\n\t\t\t\t<\/div>\n\t\t\t\t\t\t<\/div>\n\t\t\t\t<\/div>\n\t\t\t\t\t<\/div>\n\t\t\t\t<\/div>\n\t\t\t\t<\/div>","protected":false},"excerpt":{"rendered":"<p>Apartmani \u0160imun-Sumpetar Va\u0161 savr\u0161eni odmor \u010deka vas ovdje!&#8221; Dobrodo\u0161li u Apartmane \u0160imun, va\u0161u oazu mira i udobnosti u predivnom Sumpetru&#8230;. <span class=\"knsl-el-more\"><a href=\"https:\/\/apartments-simun.com\/en\/o-nama\/\" class=\"knsl-btn\">Read more<span class=\"screen-reader-text\">Read more&nbsp;O nama<\/span><\/a><\/span><\/p>","protected":false},"author":1,"featured_media":0,"parent":0,"menu_order":0,"comment_status":"closed","ping_status":"closed","template":"template-layout-builder.php","meta":{"_acf_changed":false,"footnotes":""},"class_list":["post-287","page","type-page","status-publish","hentry"],"acf":[],"jetpack_sharing_enabled":true,"_links":{"self":[{"href":"https:\/\/apartments-simun.com\/en\/wp-json\/wp\/v2\/pages\/287","targetHints":{"allow":["GET"]}}],"collection":[{"href":"https:\/\/apartments-simun.com\/en\/wp-json\/wp\/v2\/pages"}],"about":[{"href":"https:\/\/apartments-simun.com\/en\/wp-json\/wp\/v2\/types\/page"}],"author":[{"embeddable":true,"href":"https:\/\/apartments-simun.com\/en\/wp-json\/wp\/v2\/users\/1"}],"replies":[{"embeddable":true,"href":"https:\/\/apartments-simun.com\/en\/wp-json\/wp\/v2\/comments?post=287"}],"version-history":[{"count":20,"href":"https:\/\/apartments-simun.com\/en\/wp-json\/wp\/v2\/pages\/287\/revisions"}],"predecessor-version":[{"id":3954,"href":"https:\/\/apartments-simun.com\/en\/wp-json\/wp\/v2\/pages\/287\/revisions\/3954"}],"wp:attachment":[{"href":"https:\/\/apartments-simun.com\/en\/wp-json\/wp\/v2\/media?parent=287"}],"curies":[{"name":"wp","href":"https:\/\/api.w.org\/{rel}","templated":true}]}}