{"id":688,"date":"2021-12-13T19:08:46","date_gmt":"2021-12-13T19:08:46","guid":{"rendered":"https:\/\/kinsley-demo.bslthemes.com\/?page_id=688"},"modified":"2024-02-23T17:28:56","modified_gmt":"2024-02-23T17:28:56","slug":"faq","status":"publish","type":"page","link":"https:\/\/apartments-simun.com\/en\/faq\/","title":{"rendered":"FAQ"},"content":{"rendered":"<div data-elementor-type=\"wp-page\" data-elementor-id=\"688\" class=\"elementor elementor-688\">\n\t\t\t\t\t\t<section class=\"elementor-section elementor-top-section elementor-element elementor-element-b227ade elementor-section-full_width elementor-section-height-default elementor-section-height-default\" data-id=\"b227ade\" data-element_type=\"section\" data-e-type=\"section\">\n\t\t\t\t\t\t<div class=\"elementor-container elementor-column-gap-no\">\n\t\t\t\t\t<div class=\"elementor-column elementor-col-100 elementor-top-column elementor-element elementor-element-72ef981\" data-id=\"72ef981\" data-element_type=\"column\" data-e-type=\"column\">\n\t\t\t<div class=\"elementor-widget-wrap elementor-element-populated\">\n\t\t\t\t\t\t<div class=\"elementor-element elementor-element-63d7c74 elementor-widget elementor-widget-kinsley-intro\" data-id=\"63d7c74\" data-element_type=\"widget\" data-e-type=\"widget\" data-widget_type=\"kinsley-intro.default\">\n\t\t\t\t<div class=\"elementor-widget-container\">\n\t\t\t\t\t\n    <!-- banner -->\n    <section class=\"knsl-banner-simple knsl-banner-white\">\n      \t\t\t\t\n\t\t\t\t\t\t<img decoding=\"async\" src=\"https:\/\/apartments-simun.com\/wp-content\/themes\/kinsley\/assets\/img\/palm.svg\" class=\"knsl-deco-left\" alt=\"palm\" \/>\n\t\t<img decoding=\"async\" src=\"https:\/\/apartments-simun.com\/wp-content\/themes\/kinsley\/assets\/img\/palm.svg\" class=\"knsl-deco-right\" alt=\"palm\" \/>\n\t\t\t\t\n\t  \t  <div class=\"knsl-cover-frame\">\n\t\t\t\t\t\t<div style=\"background-image: url('https:\/\/apartments-simun.com\/wp-content\/uploads\/2024\/02\/Tekst-vaseg-odlomka-8.png');\" class=\"knsl-parallax knsl-banner-slide\"><\/div>\n\t\t\t\t\t\t\t\t\t  <\/div>\n\t  <div class=\"knsl-overlay\" style=\"opacity: 1;\"><\/div>\n\t  \n      <div class=\"container\">\n        <div class=\"row\">\n          <div class=\"col-lg-12\">\n\n            <div class=\"knsl-center knsl-title-frame\">\n                            <h1 class=\"knsl-title--h knsl-mb-20 knsl-h1-inner\">\n                <span >\n                    \u010cesto postavljana pitanja                <\/span>\n              <\/h1>\n                                          <p class=\"knsl-text knsl-mb-30\">\n                <span >\n                     Na\u0161 cilj je pru\u017eiti vam sve potrebne informacije na jednom mjestu kako biste lak\u0161e razumjeli na\u0161u ponudu i koristili na\u0161e usluge na najbolji mogu\u0107i na\u010din.                <\/span>\n              <\/p>\n              \n              \n            <\/div>\n\n          <\/div>\n        <\/div>\n      <\/div>\n    <\/section>\n    <!-- banner end -->\n\n\t\t\t\t\t\t<\/div>\n\t\t\t\t<\/div>\n\t\t\t\t\t<\/div>\n\t\t<\/div>\n\t\t\t\t\t<\/div>\n\t\t<\/section>\n\t\t\t\t<section class=\"elementor-section elementor-top-section elementor-element elementor-element-2dfa602 elementor-section-boxed elementor-section-height-default elementor-section-height-default\" data-id=\"2dfa602\" data-element_type=\"section\" data-e-type=\"section\">\n\t\t\t\t\t\t\t<div class=\"elementor-background-overlay\"><\/div>\n\t\t\t\t\t\t\t<div class=\"elementor-container elementor-column-gap-default\">\n\t\t\t\t\t<div class=\"elementor-column elementor-col-100 elementor-top-column elementor-element elementor-element-991fc23\" data-id=\"991fc23\" data-element_type=\"column\" data-e-type=\"column\">\n\t\t\t<div class=\"elementor-widget-wrap elementor-element-populated\">\n\t\t\t\t\t\t<div class=\"elementor-element elementor-element-4f01a68 elementor-widget elementor-widget-kinsley-faq\" data-id=\"4f01a68\" data-element_type=\"widget\" data-e-type=\"widget\" data-widget_type=\"kinsley-faq.default\">\n\t\t\t\t<div class=\"elementor-widget-container\">\n\t\t\t\t\t\n\t\t<!-- faq -->\n                <div id=\"accordion\">\n\t\t                <div class=\"knsl-faq knsl-faq-two knsl-mb-60\" id=\"faq-82\">\n\t\t\t\t\n\n<div class=\"card\">\n\t<div class=\"card-header\" id=\"knsl-faqHeading-2069\">\n\t\t<div class=\"mb-0\">\n\t\t\t<h6 class=\"knsl-faq-title\" data-toggle=\"collapse\" data-target=\"#knsl-faqCollapse-2069\" data-aria-expanded=\"true\" data-aria-controls=\"knsl-faqCollapse-2069\">\n\t\t\t\t<span class=\"badge\">1<\/span>\n\t\t\t\tKoliko gostiju mo\u017ee boraviti u objektu?\t\t\t<\/h6>\n\t\t<\/div>\n\t<\/div>\n\t<div id=\"knsl-faqCollapse-2069\" class=\"collapse\" aria-labelledby=\"knsl-faqHeading-2069\" data-parent=\"#accordion\">\n\t\t<div class=\"knsl-card-body\">\n\t\t\t\r\n<p><img decoding=\"async\" class=\"alignnone size-full wp-image-3725\" src=\"https:\/\/apartments-simun.com\/wp-content\/uploads\/2021\/12\/navigate_10928584.png\" alt=\"strelica\" width=\"24\" height=\"24\" \/>\u00a0 \u00a0Objekt Apartments \u0160imun nudi nekoliko smje\u0161tajnih opcija (ovisi o raspolo\u017eivosti). U tim smje\u0161tajnim jedinicama mo\u017ee boraviti sljede\u0107i broj gostiju:<\/p>\r\n<p>\u00a0 \u00a0 \u00a0 \u00a0 \u00a0 \u00a0 <img decoding=\"async\" class=\"alignnone size-full wp-image-3725\" src=\"https:\/\/apartments-simun.com\/wp-content\/uploads\/2021\/12\/navigate_10928584.png\" alt=\"strelica\" width=\"24\" height=\"24\" \/> \u00a06 gostiju<\/p>\r\n<p>\u00a0 \u00a0 \u00a0 \u00a0 \u00a0 \u00a0 <img decoding=\"async\" class=\"alignnone size-full wp-image-3725\" src=\"https:\/\/apartments-simun.com\/wp-content\/uploads\/2021\/12\/navigate_10928584.png\" alt=\"strelica\" width=\"24\" height=\"24\" \/>\u00a0 8 gostiju<\/p>\r\n<p>\u00a0 \u00a0 \u00a0 \u00a0 \u00a0Za vi\u0161e informacija provjerite detaljan pregled smje\u0161tajnih opcija na ovoj stranici.<\/p>\r\n\t\t<\/div>\n\t<\/div>\n<\/div>\n\n\n<div class=\"card\">\n\t<div class=\"card-header\" id=\"knsl-faqHeading-2070\">\n\t\t<div class=\"mb-0\">\n\t\t\t<h6 class=\"knsl-faq-title\" data-toggle=\"collapse\" data-target=\"#knsl-faqCollapse-2070\" data-aria-expanded=\"true\" data-aria-controls=\"knsl-faqCollapse-2070\">\n\t\t\t\t<span class=\"badge\">2<\/span>\n\t\t\t\tKoje je vrijeme prijave i odjave?\t\t\t<\/h6>\n\t\t<\/div>\n\t<\/div>\n\t<div id=\"knsl-faqCollapse-2070\" class=\"collapse\" aria-labelledby=\"knsl-faqHeading-2070\" data-parent=\"#accordion\">\n\t\t<div class=\"knsl-card-body\">\n\t\t\t\r\n<p><img decoding=\"async\" class=\"alignnone size-full wp-image-3725\" src=\"https:\/\/apartments-simun.com\/wp-content\/uploads\/2021\/12\/navigate_10928584.png\" alt=\"strelica\" width=\"24\" height=\"24\" \/> Vrijeme prijave u objektu Apartments \u0160imun je od 15:00, a vrijeme odjave do 10:00.<\/p>\r\n\t\t<\/div>\n\t<\/div>\n<\/div>\n\n\n<div class=\"card\">\n\t<div class=\"card-header\" id=\"knsl-faqHeading-2071\">\n\t\t<div class=\"mb-0\">\n\t\t\t<h6 class=\"knsl-faq-title\" data-toggle=\"collapse\" data-target=\"#knsl-faqCollapse-2071\" data-aria-expanded=\"true\" data-aria-controls=\"knsl-faqCollapse-2071\">\n\t\t\t\t<span class=\"badge\">3<\/span>\n\t\t\t\tKoliko stoji boravak u Apartments \u0160imun?\t\t\t<\/h6>\n\t\t<\/div>\n\t<\/div>\n\t<div id=\"knsl-faqCollapse-2071\" class=\"collapse\" aria-labelledby=\"knsl-faqHeading-2071\" data-parent=\"#accordion\">\n\t\t<div class=\"knsl-card-body\">\n\t\t\t\r\n<p><img decoding=\"async\" class=\"alignnone size-full wp-image-3725\" src=\"https:\/\/apartments-simun.com\/wp-content\/uploads\/2021\/12\/navigate_10928584.png\" alt=\"strelica\" width=\"24\" height=\"24\" \/>\u00a0 Cijene u objektu Apartments \u0160imun razlikuju se ovisno o uvjetima va\u0161eg boravka (npr. odabranim datumima, uvjetima hotela itd.). Unesite datume kako biste vidjeli cijene.<\/p>\r\n\t\t<\/div>\n\t<\/div>\n<\/div>\n\n\n<div class=\"card\">\n\t<div class=\"card-header\" id=\"knsl-faqHeading-2072\">\n\t\t<div class=\"mb-0\">\n\t\t\t<h6 class=\"knsl-faq-title\" data-toggle=\"collapse\" data-target=\"#knsl-faqCollapse-2072\" data-aria-expanded=\"true\" data-aria-controls=\"knsl-faqCollapse-2072\">\n\t\t\t\t<span class=\"badge\">4<\/span>\n\t\t\t\tKoje su aktivnosti u ponudi objekta Apartments \u0160imun?\t\t\t<\/h6>\n\t\t<\/div>\n\t<\/div>\n\t<div id=\"knsl-faqCollapse-2072\" class=\"collapse\" aria-labelledby=\"knsl-faqHeading-2072\" data-parent=\"#accordion\">\n\t\t<div class=\"knsl-card-body\">\n\t\t\t\r\n<p><img decoding=\"async\" class=\"alignnone size-full wp-image-3725\" src=\"https:\/\/apartments-simun.com\/wp-content\/uploads\/2021\/12\/navigate_10928584.png\" alt=\"strelica\" width=\"24\" height=\"24\" \/> Ponuda objekta Apartments \u0160imun uklju\u010duje sljede\u0107e aktivnosti\/usluge (mogu\u0107e su dodatne naknade):<\/p>\r\n<p>&nbsp;<\/p>\r\n<p><img decoding=\"async\" class=\"alignnone size-full wp-image-3725\" src=\"https:\/\/apartments-simun.com\/wp-content\/uploads\/2021\/12\/navigate_10928584.png\" alt=\"strelica\" width=\"24\" height=\"24\" \/> planinarenje<\/p>\r\n<p><img decoding=\"async\" class=\"alignnone size-full wp-image-3725\" src=\"https:\/\/apartments-simun.com\/wp-content\/uploads\/2021\/12\/navigate_10928584.png\" alt=\"strelica\" width=\"24\" height=\"24\" \/> ronjenje s maskom<\/p>\r\n<p><img decoding=\"async\" class=\"alignnone size-full wp-image-3725\" src=\"https:\/\/apartments-simun.com\/wp-content\/uploads\/2021\/12\/navigate_10928584.png\" alt=\"strelica\" width=\"24\" height=\"24\" \/> ronjenje<\/p>\r\n<p><img decoding=\"async\" class=\"alignnone size-full wp-image-3725\" src=\"https:\/\/apartments-simun.com\/wp-content\/uploads\/2021\/12\/navigate_10928584.png\" alt=\"strelica\" width=\"24\" height=\"24\" \/>pecanje<\/p>\r\n<p><img decoding=\"async\" class=\"alignnone size-full wp-image-3725\" src=\"https:\/\/apartments-simun.com\/wp-content\/uploads\/2021\/12\/navigate_10928584.png\" alt=\"strelica\" width=\"24\" height=\"24\" \/>uz pla\u017eu<\/p>\r\n<p><img decoding=\"async\" class=\"alignnone size-full wp-image-3725\" src=\"https:\/\/apartments-simun.com\/wp-content\/uploads\/2021\/12\/navigate_10928584.png\" alt=\"strelica\" width=\"24\" height=\"24\" \/>privatna pla\u017ea<\/p>\r\n<p><img decoding=\"async\" class=\"alignnone size-full wp-image-3725\" src=\"https:\/\/apartments-simun.com\/wp-content\/uploads\/2021\/12\/navigate_10928584.png\" alt=\"strelica\" width=\"24\" height=\"24\" \/>razgledavanje pje\u0161ice<\/p>\r\n<p><img decoding=\"async\" class=\"alignnone size-full wp-image-3725\" src=\"https:\/\/apartments-simun.com\/wp-content\/uploads\/2021\/12\/navigate_10928584.png\" alt=\"strelica\" width=\"24\" height=\"24\" \/>sadr\u017eaji za sportove na vodi u okviru objekta<\/p>\r\n<p><img decoding=\"async\" class=\"alignnone size-full wp-image-3725\" src=\"https:\/\/apartments-simun.com\/wp-content\/uploads\/2021\/12\/navigate_10928584.png\" alt=\"strelica\" width=\"24\" height=\"24\" \/>Pla\u017ea<\/p>\r\n<p><img decoding=\"async\" class=\"alignnone size-full wp-image-3725\" src=\"https:\/\/apartments-simun.com\/wp-content\/uploads\/2021\/12\/navigate_10928584.png\" alt=\"strelica\" width=\"24\" height=\"24\" \/>Galerije suvremene umjetnosti<\/p>\r\n\t\t<\/div>\n\t<\/div>\n<\/div>\n\n\n<div class=\"card\">\n\t<div class=\"card-header\" id=\"knsl-faqHeading-2061\">\n\t\t<div class=\"mb-0\">\n\t\t\t<h6 class=\"knsl-faq-title\" data-toggle=\"collapse\" data-target=\"#knsl-faqCollapse-2061\" data-aria-expanded=\"true\" data-aria-controls=\"knsl-faqCollapse-2061\">\n\t\t\t\t<span class=\"badge\">5<\/span>\n\t\t\t\tKoliko je objekt udaljen od cetra grada Sumpetar?\t\t\t<\/h6>\n\t\t<\/div>\n\t<\/div>\n\t<div id=\"knsl-faqCollapse-2061\" class=\"collapse\" aria-labelledby=\"knsl-faqHeading-2061\" data-parent=\"#accordion\">\n\t\t<div class=\"knsl-card-body\">\n\t\t\t\r\n<p><img decoding=\"async\" class=\"alignnone size-full wp-image-3725\" src=\"https:\/\/apartments-simun.com\/wp-content\/uploads\/2021\/12\/navigate_10928584.png\" alt=\"strelica\" width=\"24\" height=\"24\" \/> Objekt Apartments \u0160imun nalazi se na 400 m od centra grada &#8216;Sumpetar&#8217; Sve se udaljenosti odnose na zra\u010dnu liniju. Stvarne udaljenosti mogu se razlikovati.<\/p>\r\n\t\t<\/div>\n\t<\/div>\n<\/div>\n\n\n<div class=\"card\">\n\t<div class=\"card-header\" id=\"knsl-faqHeading-2062\">\n\t\t<div class=\"mb-0\">\n\t\t\t<h6 class=\"knsl-faq-title\" data-toggle=\"collapse\" data-target=\"#knsl-faqCollapse-2062\" data-aria-expanded=\"true\" data-aria-controls=\"knsl-faqCollapse-2062\">\n\t\t\t\t<span class=\"badge\">6<\/span>\n\t\t\t\tKoliko je objekt udaljen od pla\u017ee?\t\t\t<\/h6>\n\t\t<\/div>\n\t<\/div>\n\t<div id=\"knsl-faqCollapse-2062\" class=\"collapse\" aria-labelledby=\"knsl-faqHeading-2062\" data-parent=\"#accordion\">\n\t\t<div class=\"knsl-card-body\">\n\t\t\t\r\n<p><img decoding=\"async\" class=\"alignnone size-full wp-image-3725\" src=\"https:\/\/apartments-simun.com\/wp-content\/uploads\/2021\/12\/navigate_10928584.png\" alt=\"strelica\" width=\"24\" height=\"24\" \/> Najbli\u017ea pla\u017ea nalazi se na samo 50 m od objekta Apartments \u0160imun. Sve se udaljenosti odnose na zra\u010dnu liniju. Stvarne udaljenosti mogu se razlikovati.<\/p>\r\n\t\t<\/div>\n\t<\/div>\n<\/div>\n\n\n<div class=\"card\">\n\t<div class=\"card-header\" id=\"knsl-faqHeading-2063\">\n\t\t<div class=\"mb-0\">\n\t\t\t<h6 class=\"knsl-faq-title\" data-toggle=\"collapse\" data-target=\"#knsl-faqCollapse-2063\" data-aria-expanded=\"true\" data-aria-controls=\"knsl-faqCollapse-2063\">\n\t\t\t\t<span class=\"badge\">7<\/span>\n\t\t\t\tKoliko spava\u0107ih soba ima objekt?\t\t\t<\/h6>\n\t\t<\/div>\n\t<\/div>\n\t<div id=\"knsl-faqCollapse-2063\" class=\"collapse\" aria-labelledby=\"knsl-faqHeading-2063\" data-parent=\"#accordion\">\n\t\t<div class=\"knsl-card-body\">\n\t\t\t\r\n<p><img decoding=\"async\" class=\"alignnone size-full wp-image-3725\" src=\"https:\/\/apartments-simun.com\/wp-content\/uploads\/2021\/12\/navigate_10928584.png\" alt=\"strelica\" width=\"24\" height=\"24\" \/> Objekt Apartments \u0160imun nudi nekoliko smje\u0161tajnih jedinica (ovisi o raspolo\u017eivosti). Te smje\u0161tajne jedinice sadr\u017ee:<\/p>\r\n<ul>\r\n<li>2 spava\u0107e sobe<\/li>\r\n<li>3 spava\u0107e sobe<\/li>\r\n<\/ul>\r\n<p>Za vi\u0161e informacija provjerite detaljan pregled smje\u0161tajnih opcija na ovoj stranici.<\/p>\r\n\t\t<\/div>\n\t<\/div>\n<\/div>\n\n\n<div class=\"card\">\n\t<div class=\"card-header\" id=\"knsl-faqHeading-2064\">\n\t\t<div class=\"mb-0\">\n\t\t\t<h6 class=\"knsl-faq-title\" data-toggle=\"collapse\" data-target=\"#knsl-faqCollapse-2064\" data-aria-expanded=\"true\" data-aria-controls=\"knsl-faqCollapse-2064\">\n\t\t\t\t<span class=\"badge\">8<\/span>\n\t\t\t\tIma li objekt terasu?\t\t\t<\/h6>\n\t\t<\/div>\n\t<\/div>\n\t<div id=\"knsl-faqCollapse-2064\" class=\"collapse\" aria-labelledby=\"knsl-faqHeading-2064\" data-parent=\"#accordion\">\n\t\t<div class=\"knsl-card-body\">\n\t\t\t\r\n<p><img decoding=\"async\" class=\"alignnone size-full wp-image-3725\" src=\"https:\/\/apartments-simun.com\/wp-content\/uploads\/2021\/12\/navigate_10928584.png\" alt=\"strelica\" width=\"24\" height=\"24\" \/> Da, odre\u0111ene smje\u0161tajne opcije u objektu Apartments \u0160imun imaju terasu. Vi\u0161e informacija o tome i o drugim sadr\u017eajima u objektu mo\u017eete prona\u0107i na ovoj stranici.<\/p>\r\n\t\t<\/div>\n\t<\/div>\n<\/div>\n            <\/div>\n\t\t\t        <\/div>\n\t\t        <!-- faq end -->\n\n\t\t\t\t\t\t<\/div>\n\t\t\t\t<\/div>\n\t\t\t\t\t<\/div>\n\t\t<\/div>\n\t\t\t\t\t<\/div>\n\t\t<\/section>\n\t\t\t\t<\/div>","protected":false},"excerpt":{"rendered":"<p>\u010cesto postavljana pitanja Na\u0161 cilj je pru\u017eiti vam sve potrebne informacije na jednom mjestu kako biste lak\u0161e razumjeli na\u0161u ponudu&#8230; <span class=\"knsl-el-more\"><a href=\"https:\/\/apartments-simun.com\/en\/faq\/item\/what-is-lorem-ipsum-service\/\" class=\"knsl-btn\">Read more<span class=\"screen-reader-text\">Read more&nbsp;Ima li objekt terasu?<\/span><\/a><\/span><\/p>","protected":false},"author":1,"featured_media":0,"parent":0,"menu_order":0,"comment_status":"closed","ping_status":"closed","template":"template-layout-builder.php","meta":{"_acf_changed":false,"footnotes":""},"class_list":["post-688","page","type-page","status-publish","hentry"],"acf":[],"jetpack_sharing_enabled":true,"_links":{"self":[{"href":"https:\/\/apartments-simun.com\/en\/wp-json\/wp\/v2\/pages\/688","targetHints":{"allow":["GET"]}}],"collection":[{"href":"https:\/\/apartments-simun.com\/en\/wp-json\/wp\/v2\/pages"}],"about":[{"href":"https:\/\/apartments-simun.com\/en\/wp-json\/wp\/v2\/types\/page"}],"author":[{"embeddable":true,"href":"https:\/\/apartments-simun.com\/en\/wp-json\/wp\/v2\/users\/1"}],"replies":[{"embeddable":true,"href":"https:\/\/apartments-simun.com\/en\/wp-json\/wp\/v2\/comments?post=688"}],"version-history":[{"count":31,"href":"https:\/\/apartments-simun.com\/en\/wp-json\/wp\/v2\/pages\/688\/revisions"}],"predecessor-version":[{"id":3738,"href":"https:\/\/apartments-simun.com\/en\/wp-json\/wp\/v2\/pages\/688\/revisions\/3738"}],"wp:attachment":[{"href":"https:\/\/apartments-simun.com\/en\/wp-json\/wp\/v2\/media?parent=688"}],"curies":[{"name":"wp","href":"https:\/\/api.w.org\/{rel}","templated":true}]}}